{"id":1193,"date":"2020-12-29T08:22:04","date_gmt":"2020-12-29T08:22:04","guid":{"rendered":"https:\/\/moren.la-studioweb.com\/?page_id=1193"},"modified":"2024-06-11T10:36:04","modified_gmt":"2024-06-11T07:36:04","slug":"ve-chung-toi","status":"publish","type":"page","link":"https:\/\/e-sakatekstil.com\/vi\/ve-chung-toi\/","title":{"rendered":"V\u1ec1 ch\u00fang t\u00f4i"},"content":{"rendered":"<div data-elementor-type=\"wp-page\" data-elementor-id=\"1193\" class=\"elementor elementor-1193\">\n\t\t\t\t\t\t<div class=\"elementor-section elementor-top-section elementor-element elementor-element-a1c4485 elementor-section-content-middle elementor-section-boxed elementor-section-height-default elementor-section-height-default\" data-id=\"a1c4485\" data-element_type=\"section\" data-e-type=\"section\">\n\t\t\t\t\t\t<div class=\"elementor-container elementor-column-gap-no\">\n\t\t\t\t\t<div class=\"elementor-column elementor-col-50 elementor-top-column elementor-element elementor-element-a086460\" data-id=\"a086460\" data-element_type=\"column\" data-e-type=\"column\">\n\t\t\t<div class=\"elementor-widget-wrap elementor-element-populated\">\n\t\t\t\t\t\t<div class=\"elementor-element elementor-element-934ceba la-popup elementor-widget__width-initial elementor-view-default elementor-widget elementor-widget-icon\" data-id=\"934ceba\" data-element_type=\"widget\" data-e-type=\"widget\" data-widget_type=\"icon.default\">\n\t\t\t\t<div class=\"elementor-widget-container\">\n\t\t\t\t\t\t\t<div class=\"elementor-icon-wrapper\">\n\t\t\t<a class=\"elementor-icon elementor-animation-bob\" href=\"https:\/\/www.youtube.com\/watch?v=o2zhfS9kmTs\">\n\t\t\t<svg xmlns=\"http:\/\/www.w3.org\/2000\/svg\" width=\"110\" height=\"110\" fill=\"none\" viewbox=\"0 0 110 110\"><circle cx=\"55\" cy=\"55\" r=\"54\" stroke=\"currentColor\" stroke-width=\"2\" fill=\"none\"><\/circle><path stroke=\"currentColor\" stroke-width=\"2\" d=\"M43.5 35.081L78 55 43.5 74.919V35.08z\" fill=\"none\"><\/path><\/svg>\t\t\t<\/a>\n\t\t<\/div>\n\t\t\t\t\t\t<\/div>\n\t\t\t\t<\/div>\n\t\t\t\t\t<\/div>\n\t\t<\/div>\n\t\t\t\t<div class=\"elementor-column elementor-col-50 elementor-top-column elementor-element elementor-element-eaaa01d\" data-id=\"eaaa01d\" data-element_type=\"column\" data-e-type=\"column\">\n\t\t\t<div class=\"elementor-widget-wrap elementor-element-populated\">\n\t\t\t\t\t\t<div class=\"elementor-element elementor-element-8233cb7 elementor-widget elementor-widget-heading\" data-id=\"8233cb7\" data-element_type=\"widget\" data-e-type=\"widget\" data-widget_type=\"heading.default\">\n\t\t\t\t<div class=\"elementor-widget-container\">\n\t\t\t\t\t<h2 class=\"elementor-heading-title elementor-size-default\">V\u1ec1 ch\u00fang t\u00f4i<\/h2>\t\t\t\t<\/div>\n\t\t\t\t<\/div>\n\t\t\t\t<div class=\"elementor-element elementor-element-7baa2be elementor-widget elementor-widget-text-editor\" data-id=\"7baa2be\" data-element_type=\"widget\" data-e-type=\"widget\" data-widget_type=\"text-editor.default\">\n\t\t\t\t<div class=\"elementor-widget-container\">\n\t\t\t\t\t\t\t\t\t<div class=\"text\">\n<p>SAKA HOLDING \u0111\u01b0\u1ee3c th\u00e0nh l\u1eadp v\u00e0o n\u0103m 2010 v\u1edbi t\u01b0 c\u00e1ch l\u00e0 c\u00f4ng ty TNHH. Trang b\u1ecb cho doanh nghi\u1ec7p c\u1ee7a m\u00ecnh nh\u1eefng c\u00f4ng ngh\u1ec7 m\u1edbi nh\u1ea5t, CH\u1ee6 T\u1ecaCH H\u1ed8I \u0110\u1ed2NG GI\u00c1M \u0110\u1ed0C SAKA, MR. Trong khi RAMAZAN SAKA \u0111\u00e3 \u0111\u1ea1t \u0111\u1ebfn c\u00f4ng su\u1ea5t s\u1ea3n xu\u1ea5t s\u1ee3i t\u00edch h\u1ee3p v\u1edbi v\u1ea3i, c\u00f4ng ty c\u0169ng l\u1ea7n l\u01b0\u1ee3t \u0111\u01b0a c\u00e1c c\u01a1 s\u1edf d\u1ec7t kim, nhu\u1ed9m v\u1ea3i, ho\u00e0n thi\u1ec7n v\u00e0 in v\u1ea3i v\u00e0o ho\u1ea1t \u0111\u1ed9ng.<\/p>\n<p>Trong qu\u00e1 tr\u00ecnh n\u00e0y, n\u00f3 ng\u00e0y c\u00e0ng ph\u00e1t tri\u1ec3n b\u1eb1ng c\u00e1ch c\u1ee7ng c\u1ed1 m\u1ea1ng l\u01b0\u1edbi b\u00e1n h\u00e0ng v\u00e0 v\u1ecb th\u1ebf d\u1eabn \u0111\u1ea7u tr\u00ean th\u1ecb tr\u01b0\u1eddng trong v\u00e0 ngo\u00e0i n\u01b0\u1edbc. Nh\u1edd s\u1ef1 quy\u1ebft t\u00e2m v\u00e0 c\u1ed1ng hi\u1ebfn h\u1ebft m\u00ecnh cho nh\u00e0 m\u00e1y \u0111\u01b0\u1ee3c anh th\u00e0nh l\u1eadp trong th\u1eddi gian r\u1ea5t ng\u1eafn; H\u1ecd \u0111\u00e3 c\u00f9ng nhau \u0111\u01b0a th\u00e0nh c\u00f4ng c\u1ee7a m\u00ecnh l\u00ean t\u1ea7m cao nh\u1ea5t, \u0111\u1eb7c bi\u1ec7t l\u00e0 v\u1edbi Ch\u1ee7 t\u1ecbch H\u1ed9i \u0111\u1ed3ng qu\u1ea3n tr\u1ecb v\u00e0 c\u00e1c \u0111\u1ed3ng \u0111\u1ed9i c\u1ee7a h\u1ecd.<\/p>\n<p>N\u00f3 \u0111\u00f3ng g\u00f3p cho n\u1ec1n kinh t\u1ebf \u0111\u1ea5t n\u01b0\u1edbc b\u1eb1ng c\u00e1ch th\u1ef1c hi\u1ec7n t\u1ea5t c\u1ea3 c\u00e1c lo\u1ea1i quy tr\u00ecnh \u0111an, nhu\u1ed9m v\u00e0 in v\u1edbi n\u0103ng l\u1ef1c s\u1ea3n xu\u1ea5t h\u00e0ng th\u00e1ng l\u00e0 1800 t\u1ea5n. Theo th\u1eddi gian, n\u00f3 \u0111\u00e3 m\u1edf r\u1ed9ng ph\u1ea1m vi s\u1ea3n ph\u1ea9m \u0111\u01b0\u1ee3c th\u00eam v\u00e0o d\u00e2y chuy\u1ec1n s\u1ea3n xu\u1ea5t c\u1ee7a m\u00ecnh.<\/p>\n<\/div>\t\t\t\t\t\t\t\t<\/div>\n\t\t\t\t<\/div>\n\t\t\t\t\t<\/div>\n\t\t<\/div>\n\t\t\t\t\t<\/div>\n\t\t<\/div>\n\t\t\t\t<\/div>","protected":false},"excerpt":{"rendered":"","protected":false},"author":1,"featured_media":0,"parent":0,"menu_order":0,"comment_status":"closed","ping_status":"closed","template":"","meta":{"footnotes":""},"class_list":["post-1193","page","type-page","status-publish","hentry"],"aioseo_notices":[],"_links":{"self":[{"href":"https:\/\/e-sakatekstil.com\/vi\/wp-json\/wp\/v2\/pages\/1193","targetHints":{"allow":["GET"]}}],"collection":[{"href":"https:\/\/e-sakatekstil.com\/vi\/wp-json\/wp\/v2\/pages"}],"about":[{"href":"https:\/\/e-sakatekstil.com\/vi\/wp-json\/wp\/v2\/types\/page"}],"author":[{"embeddable":true,"href":"https:\/\/e-sakatekstil.com\/vi\/wp-json\/wp\/v2\/users\/1"}],"replies":[{"embeddable":true,"href":"https:\/\/e-sakatekstil.com\/vi\/wp-json\/wp\/v2\/comments?post=1193"}],"version-history":[{"count":6,"href":"https:\/\/e-sakatekstil.com\/vi\/wp-json\/wp\/v2\/pages\/1193\/revisions"}],"predecessor-version":[{"id":3189,"href":"https:\/\/e-sakatekstil.com\/vi\/wp-json\/wp\/v2\/pages\/1193\/revisions\/3189"}],"wp:attachment":[{"href":"https:\/\/e-sakatekstil.com\/vi\/wp-json\/wp\/v2\/media?parent=1193"}],"curies":[{"name":"wp","href":"https:\/\/api.w.org\/{rel}","templated":true}]}}