{"id":3878,"date":"2024-06-12T10:43:09","date_gmt":"2024-06-12T07:43:09","guid":{"rendered":"https:\/\/ekatalog.sakaholding.com.tr\/?post_type=product&#038;p=3878"},"modified":"2024-11-06T16:45:49","modified_gmt":"2024-11-06T13:45:49","slug":"baskili","status":"publish","type":"product","link":"https:\/\/e-sakatekstil.com\/tr\/e-katalog\/karde-ring\/2-iplik-diyagonal-karde\/baskili-2-iplik-diyagonal-karde\/baskili\/","title":{"rendered":"Bask\u0131l\u0131"},"content":{"rendered":"<p>Bask\u0131l\u0131 Kuma\u015flar\u0131m\u0131z \u0130\u00e7in; Destek Hatt\u0131m\u0131z\u0131 arayarak; daha detayl\u0131 bilgi ve h\u0131zl\u0131 d\u00f6n\u00fc\u015f alabilirsiniz.<\/p>\n","protected":false},"excerpt":{"rendered":"<p>Bask\u0131l\u0131 Kuma\u015flar\u0131m\u0131z \u0130\u00e7in; Destek Hatt\u0131m\u0131z\u0131 arayarak; daha detayl\u0131 bilgi ve h\u0131zl\u0131 d\u00f6n\u00fc\u015f alabilirsiniz.<\/p>\n","protected":false},"featured_media":5605,"template":"","meta":[],"product_brand":[],"product_cat":[194,146,231,125,205,178,136,221,113,195,148,127,210,103,185,138,223,117,196,161,129,212,105,186,140,228,118,203,176,132,214,107,187,144,229,123,204,177,134,219,109],"product_tag":[],"class_list":{"0":"post-3878","1":"product","2":"type-product","3":"status-publish","4":"has-post-thumbnail","6":"product_cat-baskili-2-iplik-diyagonal-karde","7":"product_cat-baskili-yaka","8":"product_cat-baskili-tup-karde","9":"product_cat-baskili-2-iplik-diyagonal","10":"product_cat-baskili-3-iplik-penye","11":"product_cat-baskili-suprem-open-end","12":"product_cat-baskili-suprem","13":"product_cat-baskili-viskon-karde","14":"product_cat-baskili-viskon","15":"product_cat-baskili-2-iplik-diyagonal-open-end","16":"product_cat-baskili-modal","17":"product_cat-baskili-3-iplik","18":"product_cat-baskili-3-iplik-diyagonal-open-end","19":"product_cat-baskili","20":"product_cat-baskili-2-iplik-karde","21":"product_cat-baskili-jakar","22":"product_cat-baskili-viskon-penye","23":"product_cat-baskili-kapitone","24":"product_cat-baskili-2-iplik-diyagonal-penye","25":"product_cat-baskili-ribana","26":"product_cat-baskili-3-iplik-diyagonal","27":"product_cat-baskili-3-iplik-diyagonal-penye","28":"product_cat-baskili-double-face","29":"product_cat-baskili-2-iplik-penye","30":"product_cat-baskili-fircali","31":"product_cat-baskili-tup-open-end","32":"product_cat-baskili-waffle","33":"product_cat-baskili-3-iplik-karde","34":"product_cat-baskili-suprem-penye","35":"product_cat-baskili-lacost-pike","36":"product_cat-baskili-3-iplik-diyagonal-karde","37":"product_cat-baskili-3-iplik-soft","38":"product_cat-baskili-2-iplik-open-end","39":"product_cat-baskili-selanik","40":"product_cat-baskili-tup-penye","41":"product_cat-baskili-2-iplik","42":"product_cat-baskili-3-iplik-open-end","43":"product_cat-baskili-suprem-karde","44":"product_cat-baskili-ottoman","45":"product_cat-baskili-viskon-open-end","46":"product_cat-baskili-interlok","48":"first","49":"instock","50":"shipping-taxable","51":"product-type-simple"},"aioseo_notices":[],"_links":{"self":[{"href":"https:\/\/e-sakatekstil.com\/tr\/wp-json\/wp\/v2\/product\/3878","targetHints":{"allow":["GET"]}}],"collection":[{"href":"https:\/\/e-sakatekstil.com\/tr\/wp-json\/wp\/v2\/product"}],"about":[{"href":"https:\/\/e-sakatekstil.com\/tr\/wp-json\/wp\/v2\/types\/product"}],"wp:featuredmedia":[{"embeddable":true,"href":"https:\/\/e-sakatekstil.com\/tr\/wp-json\/wp\/v2\/media\/5605"}],"wp:attachment":[{"href":"https:\/\/e-sakatekstil.com\/tr\/wp-json\/wp\/v2\/media?parent=3878"}],"wp:term":[{"taxonomy":"product_brand","embeddable":true,"href":"https:\/\/e-sakatekstil.com\/tr\/wp-json\/wp\/v2\/product_brand?post=3878"},{"taxonomy":"product_cat","embeddable":true,"href":"https:\/\/e-sakatekstil.com\/tr\/wp-json\/wp\/v2\/product_cat?post=3878"},{"taxonomy":"product_tag","embeddable":true,"href":"https:\/\/e-sakatekstil.com\/tr\/wp-json\/wp\/v2\/product_tag?post=3878"}],"curies":[{"name":"wp","href":"https:\/\/api.w.org\/{rel}","templated":true}]}}