{"id":1320,"date":"2020-12-29T17:13:38","date_gmt":"2020-12-29T17:13:38","guid":{"rendered":"https:\/\/moren.la-studioweb.com\/?page_id=1320"},"modified":"2024-06-26T12:28:24","modified_gmt":"2024-06-26T09:28:24","slug":"compare","status":"publish","type":"page","link":"https:\/\/e-sakatekstil.com\/tr\/compare\/","title":{"rendered":"Kar\u015f\u0131la\u015ft\u0131r"},"content":{"rendered":"\n<div id=\"la_compare_table_wrapper\">\n    <div id=\"la_compare_table_wrapper2\">\n            <p class=\"text-center\">No products were added to the list<\/p>\n        <\/div>\n<\/div>\n\n\n","protected":false},"excerpt":{"rendered":"","protected":false},"author":1,"featured_media":0,"parent":0,"menu_order":0,"comment_status":"closed","ping_status":"closed","template":"","meta":{"footnotes":""},"class_list":["post-1320","page","type-page","status-publish","hentry"],"aioseo_notices":[],"_links":{"self":[{"href":"https:\/\/e-sakatekstil.com\/tr\/wp-json\/wp\/v2\/pages\/1320","targetHints":{"allow":["GET"]}}],"collection":[{"href":"https:\/\/e-sakatekstil.com\/tr\/wp-json\/wp\/v2\/pages"}],"about":[{"href":"https:\/\/e-sakatekstil.com\/tr\/wp-json\/wp\/v2\/types\/page"}],"author":[{"embeddable":true,"href":"https:\/\/e-sakatekstil.com\/tr\/wp-json\/wp\/v2\/users\/1"}],"replies":[{"embeddable":true,"href":"https:\/\/e-sakatekstil.com\/tr\/wp-json\/wp\/v2\/comments?post=1320"}],"version-history":[{"count":5,"href":"https:\/\/e-sakatekstil.com\/tr\/wp-json\/wp\/v2\/pages\/1320\/revisions"}],"predecessor-version":[{"id":4209,"href":"https:\/\/e-sakatekstil.com\/tr\/wp-json\/wp\/v2\/pages\/1320\/revisions\/4209"}],"wp:attachment":[{"href":"https:\/\/e-sakatekstil.com\/tr\/wp-json\/wp\/v2\/media?parent=1320"}],"curies":[{"name":"wp","href":"https:\/\/api.w.org\/{rel}","templated":true}]}}