{"id":1193,"date":"2020-12-29T08:22:04","date_gmt":"2020-12-29T08:22:04","guid":{"rendered":"https:\/\/moren.la-studioweb.com\/?page_id=1193"},"modified":"2024-06-11T10:36:04","modified_gmt":"2024-06-11T07:36:04","slug":"hakkimizda","status":"publish","type":"page","link":"https:\/\/e-sakatekstil.com\/tr\/hakkimizda\/","title":{"rendered":"Hakk\u0131m\u0131zda"},"content":{"rendered":"\t\t<div data-elementor-type=\"wp-page\" data-elementor-id=\"1193\" class=\"elementor elementor-1193\">\n\t\t\t\t\t\t<div class=\"elementor-section elementor-top-section elementor-element elementor-element-a1c4485 elementor-section-content-middle elementor-section-boxed elementor-section-height-default elementor-section-height-default\" data-id=\"a1c4485\" data-element_type=\"section\" data-e-type=\"section\">\n\t\t\t\t\t\t<div class=\"elementor-container elementor-column-gap-no\">\n\t\t\t\t\t<div class=\"elementor-column elementor-col-50 elementor-top-column elementor-element elementor-element-a086460\" data-id=\"a086460\" data-element_type=\"column\" data-e-type=\"column\">\n\t\t\t<div class=\"elementor-widget-wrap elementor-element-populated\">\n\t\t\t\t\t\t<div class=\"elementor-element elementor-element-934ceba la-popup elementor-widget__width-initial elementor-view-default elementor-widget elementor-widget-icon\" data-id=\"934ceba\" data-element_type=\"widget\" data-e-type=\"widget\" data-widget_type=\"icon.default\">\n\t\t\t\t<div class=\"elementor-widget-container\">\n\t\t\t\t\t\t\t<div class=\"elementor-icon-wrapper\">\n\t\t\t<a class=\"elementor-icon elementor-animation-bob\" href=\"https:\/\/www.youtube.com\/watch?v=o2zhfS9kmTs\">\n\t\t\t<svg xmlns=\"http:\/\/www.w3.org\/2000\/svg\" width=\"110\" height=\"110\" fill=\"none\" viewBox=\"0 0 110 110\"><circle cx=\"55\" cy=\"55\" r=\"54\" stroke=\"currentColor\" stroke-width=\"2\" fill=\"none\"><\/circle><path stroke=\"currentColor\" stroke-width=\"2\" d=\"M43.5 35.081L78 55 43.5 74.919V35.08z\" fill=\"none\"><\/path><\/svg>\t\t\t<\/a>\n\t\t<\/div>\n\t\t\t\t\t\t<\/div>\n\t\t\t\t<\/div>\n\t\t\t\t\t<\/div>\n\t\t<\/div>\n\t\t\t\t<div class=\"elementor-column elementor-col-50 elementor-top-column elementor-element elementor-element-eaaa01d\" data-id=\"eaaa01d\" data-element_type=\"column\" data-e-type=\"column\">\n\t\t\t<div class=\"elementor-widget-wrap elementor-element-populated\">\n\t\t\t\t\t\t<div class=\"elementor-element elementor-element-8233cb7 elementor-widget elementor-widget-heading\" data-id=\"8233cb7\" data-element_type=\"widget\" data-e-type=\"widget\" data-widget_type=\"heading.default\">\n\t\t\t\t<div class=\"elementor-widget-container\">\n\t\t\t\t\t<h2 class=\"elementor-heading-title elementor-size-default\">Hakk\u0131m\u0131zda<\/h2>\t\t\t\t<\/div>\n\t\t\t\t<\/div>\n\t\t\t\t<div class=\"elementor-element elementor-element-7baa2be elementor-widget elementor-widget-text-editor\" data-id=\"7baa2be\" data-element_type=\"widget\" data-e-type=\"widget\" data-widget_type=\"text-editor.default\">\n\t\t\t\t<div class=\"elementor-widget-container\">\n\t\t\t\t\t\t\t\t\t<div class=\"text\">\n<p>SAKA HOLD\u0130NG 2010 y\u0131l\u0131nda LTD \u015firketi olarak kurulmu\u015ftur. \u0130\u015fletmesini son teknolojiyle donatan SAKA HOLD\u0130NG Y\u00d6NET\u0130M KURULU BA\u015eKANI SN. RAMAZAN SAKA elyaftan, kuma\u015fa entegre \u00fcretim yapan kapasitesine ula\u015f\u0131rken, s\u0131ras\u0131yla \u00f6rme, kuma\u015f boya, apre ve bask\u0131 tesislerini faaliyete ge\u00e7irmi\u015ftir.<\/p>\n<p>Bu s\u00fcre\u00e7 dahilinde i\u00e7 ve d\u0131\u015f pazarlarda sat\u0131\u015f a\u011f\u0131n\u0131 ve lider konumunu her ge\u00e7en g\u00fcn g\u00fc\u00e7lendirerek b\u00fcy\u00fcmektedir. Kurmu\u015f oldu\u011fu fabrikada \u00e7ok k\u0131sa zamanda azmi ve \u00f6zverileri sayesinde; ba\u015fta Y\u00f6netim Kurulu Ba\u015fkan\u0131 olmak \u00fczere ve ekip arkada\u015flar\u0131yla ba\u015far\u0131lar\u0131n\u0131 en \u00fcst seviyeye birlikte ta\u015f\u0131may\u0131 basarm\u0131\u015flard\u0131r.<\/p>\n<p>Ayl\u0131k 1800 ton \u00fcretim kapasitesiyle her \u00e7e\u015fit \u00f6rme, boya ve bask\u0131 proseslerini ger\u00e7ekle\u015ftirerek \u00fclke ekonomisine katk\u0131 sa\u011flamaktad\u0131r. Zaman i\u00e7erisinde \u00fcretim hatt\u0131na ekledi\u011fi \u00fcr\u00fcn yelpazesini geni\u015fletmi\u015ftir.<\/p>\n<\/div>\t\t\t\t\t\t\t\t<\/div>\n\t\t\t\t<\/div>\n\t\t\t\t\t<\/div>\n\t\t<\/div>\n\t\t\t\t\t<\/div>\n\t\t<\/div>\n\t\t\t\t<\/div>\n\t\t","protected":false},"excerpt":{"rendered":"","protected":false},"author":1,"featured_media":0,"parent":0,"menu_order":0,"comment_status":"closed","ping_status":"closed","template":"","meta":{"footnotes":""},"class_list":["post-1193","page","type-page","status-publish","hentry"],"aioseo_notices":[],"_links":{"self":[{"href":"https:\/\/e-sakatekstil.com\/tr\/wp-json\/wp\/v2\/pages\/1193","targetHints":{"allow":["GET"]}}],"collection":[{"href":"https:\/\/e-sakatekstil.com\/tr\/wp-json\/wp\/v2\/pages"}],"about":[{"href":"https:\/\/e-sakatekstil.com\/tr\/wp-json\/wp\/v2\/types\/page"}],"author":[{"embeddable":true,"href":"https:\/\/e-sakatekstil.com\/tr\/wp-json\/wp\/v2\/users\/1"}],"replies":[{"embeddable":true,"href":"https:\/\/e-sakatekstil.com\/tr\/wp-json\/wp\/v2\/comments?post=1193"}],"version-history":[{"count":6,"href":"https:\/\/e-sakatekstil.com\/tr\/wp-json\/wp\/v2\/pages\/1193\/revisions"}],"predecessor-version":[{"id":3189,"href":"https:\/\/e-sakatekstil.com\/tr\/wp-json\/wp\/v2\/pages\/1193\/revisions\/3189"}],"wp:attachment":[{"href":"https:\/\/e-sakatekstil.com\/tr\/wp-json\/wp\/v2\/media?parent=1193"}],"curies":[{"name":"wp","href":"https:\/\/api.w.org\/{rel}","templated":true}]}}