{"id":3878,"date":"2024-06-12T10:43:09","date_gmt":"2024-06-12T07:43:09","guid":{"rendered":"https:\/\/ekatalog.sakaholding.com.tr\/?post_type=product&#038;p=3878"},"modified":"2024-11-06T16:45:49","modified_gmt":"2024-11-06T13:45:49","slug":"imprime","status":"publish","type":"product","link":"https:\/\/e-sakatekstil.com\/fr\/e-catalogue\/anneau-de-carde\/diagonale-2-fils-cardee\/imprime-2-fils-en-diagonale-carde\/imprime\/","title":{"rendered":"Imprim\u00e9"},"content":{"rendered":"<p>Pour nos tissus imprim\u00e9s, appelez notre ligne d'assistance pour obtenir des informations plus d\u00e9taill\u00e9es et un retour rapide.<\/p>","protected":false},"excerpt":{"rendered":"<p>Pour nos tissus imprim\u00e9s, appelez notre ligne d'assistance pour obtenir des informations plus d\u00e9taill\u00e9es et un retour rapide.<\/p>","protected":false},"featured_media":5605,"template":"","meta":[],"product_brand":[],"product_cat":[194,146,125,231,205,178,136,113,221,195,148,127,103,210,185,138,117,223,196,161,129,105,212,186,140,118,228,203,176,132,107,214,187,144,123,229,204,177,134,109,219],"product_tag":[],"class_list":{"0":"post-3878","1":"product","2":"type-product","3":"status-publish","4":"has-post-thumbnail","6":"product_cat-baskili-2-iplik-diyagonal-karde","7":"product_cat-baskili-yaka","8":"product_cat-baskili-2-iplik-diyagonal","9":"product_cat-baskili-tup-karde","10":"product_cat-baskili-3-iplik-penye","11":"product_cat-baskili-suprem-open-end","12":"product_cat-baskili-suprem","13":"product_cat-baskili-viskon","14":"product_cat-baskili-viskon-karde","15":"product_cat-baskili-2-iplik-diyagonal-open-end","16":"product_cat-baskili-modal","17":"product_cat-baskili-3-iplik","18":"product_cat-baskili","19":"product_cat-baskili-3-iplik-diyagonal-open-end","20":"product_cat-baskili-2-iplik-karde","21":"product_cat-baskili-jakar","22":"product_cat-baskili-kapitone","23":"product_cat-baskili-viskon-penye","24":"product_cat-baskili-2-iplik-diyagonal-penye","25":"product_cat-baskili-ribana","26":"product_cat-baskili-3-iplik-diyagonal","27":"product_cat-baskili-double-face","28":"product_cat-baskili-3-iplik-diyagonal-penye","29":"product_cat-baskili-2-iplik-penye","30":"product_cat-baskili-fircali","31":"product_cat-baskili-waffle","32":"product_cat-baskili-tup-open-end","33":"product_cat-baskili-3-iplik-karde","34":"product_cat-baskili-suprem-penye","35":"product_cat-baskili-lacost-pike","36":"product_cat-baskili-3-iplik-soft","37":"product_cat-baskili-3-iplik-diyagonal-karde","38":"product_cat-baskili-2-iplik-open-end","39":"product_cat-baskili-selanik","40":"product_cat-baskili-2-iplik","41":"product_cat-baskili-tup-penye","42":"product_cat-baskili-3-iplik-open-end","43":"product_cat-baskili-suprem-karde","44":"product_cat-baskili-ottoman","45":"product_cat-baskili-interlok","46":"product_cat-baskili-viskon-open-end","48":"first","49":"instock","50":"shipping-taxable","51":"product-type-simple"},"aioseo_notices":[],"_links":{"self":[{"href":"https:\/\/e-sakatekstil.com\/fr\/wp-json\/wp\/v2\/product\/3878","targetHints":{"allow":["GET"]}}],"collection":[{"href":"https:\/\/e-sakatekstil.com\/fr\/wp-json\/wp\/v2\/product"}],"about":[{"href":"https:\/\/e-sakatekstil.com\/fr\/wp-json\/wp\/v2\/types\/product"}],"wp:featuredmedia":[{"embeddable":true,"href":"https:\/\/e-sakatekstil.com\/fr\/wp-json\/wp\/v2\/media\/5605"}],"wp:attachment":[{"href":"https:\/\/e-sakatekstil.com\/fr\/wp-json\/wp\/v2\/media?parent=3878"}],"wp:term":[{"taxonomy":"product_brand","embeddable":true,"href":"https:\/\/e-sakatekstil.com\/fr\/wp-json\/wp\/v2\/product_brand?post=3878"},{"taxonomy":"product_cat","embeddable":true,"href":"https:\/\/e-sakatekstil.com\/fr\/wp-json\/wp\/v2\/product_cat?post=3878"},{"taxonomy":"product_tag","embeddable":true,"href":"https:\/\/e-sakatekstil.com\/fr\/wp-json\/wp\/v2\/product_tag?post=3878"}],"curies":[{"name":"wp","href":"https:\/\/api.w.org\/{rel}","templated":true}]}}