{"id":8,"date":"2024-06-07T13:25:47","date_gmt":"2024-06-07T10:25:47","guid":{"rendered":"https:\/\/ekatalog.sakaholding.com.tr\/sepet\/"},"modified":"2024-06-07T13:25:47","modified_gmt":"2024-06-07T10:25:47","slug":"panier","status":"publish","type":"page","link":"https:\/\/e-sakatekstil.com\/fr\/panier\/","title":{"rendered":"Panier"},"content":{"rendered":"<div data-block-name=\"woocommerce\/cart\" class=\"wp-block-woocommerce-cart alignwide is-loading\">\n<div data-block-name=\"woocommerce\/filled-cart-block\" class=\"wp-block-woocommerce-filled-cart-block\">\n<div data-block-name=\"woocommerce\/cart-items-block\" class=\"wp-block-woocommerce-cart-items-block\">\n<div data-block-name=\"woocommerce\/cart-line-items-block\" class=\"wp-block-woocommerce-cart-line-items-block\"><\/div>\n\n\n\n<div data-block-name=\"woocommerce\/cart-cross-sells-block\" class=\"wp-block-woocommerce-cart-cross-sells-block\">\n<h2 class=\"wp-block-heading has-large-font-size\">Vous pourriez \u00eatre int\u00e9ress\u00e9 par\u2026<\/h2>\n\n\n\n<div data-block-name=\"woocommerce\/cart-cross-sells-products-block\" class=\"wp-block-woocommerce-cart-cross-sells-products-block\"><\/div>\n<\/div>\n<\/div>\n\n\n\n<div data-block-name=\"woocommerce\/cart-totals-block\" class=\"wp-block-woocommerce-cart-totals-block\">\n<div data-block-name=\"woocommerce\/cart-order-summary-block\" class=\"wp-block-woocommerce-cart-order-summary-block\">\n<div data-block-name=\"woocommerce\/cart-order-summary-heading-block\" class=\"wp-block-woocommerce-cart-order-summary-heading-block\"><\/div><div data-block-name=\"woocommerce\/cart-order-summary-coupon-form-block\" class=\"wp-block-woocommerce-cart-order-summary-coupon-form-block\"><\/div><div data-block-name=\"woocommerce\/cart-order-summary-totals-block\" class=\"wp-block-woocommerce-cart-order-summary-totals-block\">\n<div data-block-name=\"woocommerce\/cart-order-summary-subtotal-block\" class=\"wp-block-woocommerce-cart-order-summary-subtotal-block\"><\/div>\n<div data-block-name=\"woocommerce\/cart-order-summary-discount-block\" class=\"wp-block-woocommerce-cart-order-summary-discount-block\"><\/div>\n<div data-block-name=\"woocommerce\/cart-order-summary-fee-block\" class=\"wp-block-woocommerce-cart-order-summary-fee-block\"><\/div>\n<div data-block-name=\"woocommerce\/cart-order-summary-shipping-block\" class=\"wp-block-woocommerce-cart-order-summary-shipping-block\"><\/div>\n<div data-block-name=\"woocommerce\/cart-order-summary-taxes-block\" class=\"wp-block-woocommerce-cart-order-summary-taxes-block\"><\/div><\/div>\n<\/div>\n\n\n\n<div data-block-name=\"woocommerce\/cart-express-payment-block\" class=\"wp-block-woocommerce-cart-express-payment-block\"><\/div>\n\n\n\n<div data-block-name=\"woocommerce\/proceed-to-checkout-block\" class=\"wp-block-woocommerce-proceed-to-checkout-block\"><\/div>\n\n\n\n<div data-block-name=\"woocommerce\/cart-accepted-payment-methods-block\" class=\"wp-block-woocommerce-cart-accepted-payment-methods-block\"><\/div>\n<\/div>\n<\/div>\n\n\n\n<div data-block-name=\"woocommerce\/empty-cart-block\" class=\"wp-block-woocommerce-empty-cart-block\">\n<h2 class=\"wp-block-heading has-text-align-center with-empty-cart-icon wc-block-cart__empty-cart__title\">Votre panier est actuellement vide !<\/h2>\n\n\n\n<hr class=\"wp-block-separator has-alpha-channel-opacity is-style-dots\"\/>\n\n\n\n<h2 class=\"wp-block-heading has-text-align-center\">nouveau en magasin<\/h2>\n\n\n<div data-block-name=\"woocommerce\/product-new\" data-columns=\"4\" data-rows=\"1\" class=\"wc-block-grid wp-block-product-new wp-block-woocommerce-product-new wc-block-product-new has-4-columns\"><ul class=\"wc-block-grid__products\"><li class=\"wc-block-grid__product\">\n\t\t\t\t<a href=\"https:\/\/e-sakatekstil.com\/fr\/e-catalogue\/compact-plus\/jacquard\/jacquard-a-teinture-plate\/jacquard\/\" class=\"wc-block-grid__product-link\">\n\t\t\t\t\t\n\t\t\t\t\t<div class=\"wc-block-grid__product-image\"><img fetchpriority=\"high\" decoding=\"async\" width=\"400\" height=\"400\" src=\"https:\/\/e-sakatekstil.com\/wp-content\/themes\/moren\/assets\/images\/blank.gif\" class=\"attachment-woocommerce_thumbnail size-woocommerce_thumbnail la-lazyload-image\" alt=\"Tissu Jacquard\" srcset=\"https:\/\/e-sakatekstil.com\/wp-content\/themes\/moren\/assets\/images\/blank.gif\" data-src=\"https:\/\/e-sakatekstil.com\/wp-content\/uploads\/2024\/09\/jakar-2-scaled-400x400.jpeg\" data-srcset=\"https:\/\/e-sakatekstil.com\/wp-content\/uploads\/2024\/09\/jakar-2-scaled-400x400.jpeg 400w, https:\/\/e-sakatekstil.com\/wp-content\/uploads\/2024\/09\/jakar-2-scaled-600x600.jpeg 600w, https:\/\/e-sakatekstil.com\/wp-content\/uploads\/2024\/09\/jakar-2-scaled-800x800.jpeg 800w, https:\/\/e-sakatekstil.com\/wp-content\/uploads\/2024\/09\/jakar-2-200x200.jpeg 200w\" data-sizes=\"(max-width: 400px) 100vw, 400px\" \/><\/div>\n\t\t\t\t\t<div class=\"wc-block-grid__product-title\">Jakar<\/div>\n\t\t\t\t<\/a>\n\t\t\t\t<div class=\"wc-block-grid__product-price price\"><\/div>\n\t\t\t\t\n\t\t\t\t<div class=\"wp-block-button wc-block-grid__product-add-to-cart\"><a href=\"https:\/\/e-sakatekstil.com\/fr\/e-catalogue\/compact-plus\/jacquard\/jacquard-a-teinture-plate\/jacquard\/\" aria-label=\"En savoir plus sur \u201cJakar\u201d\" data-quantity=\"1\" data-product_id=\"5913\" data-product_sku=\"\" data-price=\"0\" rel=\"nofollow\" class=\"wp-block-button__link  add_to_cart_button\" data-no-translation=\"\" data-trp-gettext=\"\" data-no-translation-aria-label=\"\">Lire la suite<\/a><\/div>\n\t\t\t<\/li><li class=\"wc-block-grid__product\">\n\t\t\t\t<a href=\"https:\/\/e-sakatekstil.com\/fr\/e-catalogue\/anneau-de-carde\/suprem-brode\/peinture-plate-suprem-brother\/lycrali-flat-paint-suprem-brother\/30-1-full-lycra-suprem-220-gr-3\/\" class=\"wc-block-grid__product-link\">\n\t\t\t\t\t\n\t\t\t\t\t<div class=\"wc-block-grid__product-image\"><img decoding=\"async\" width=\"400\" height=\"400\" src=\"https:\/\/e-sakatekstil.com\/wp-content\/themes\/moren\/assets\/images\/blank.gif\" class=\"attachment-woocommerce_thumbnail size-woocommerce_thumbnail la-lazyload-image\" alt=\"Tissu Jersey simple Lycra 30\/1 220 g\" srcset=\"https:\/\/e-sakatekstil.com\/wp-content\/themes\/moren\/assets\/images\/blank.gif\" data-src=\"https:\/\/e-sakatekstil.com\/wp-content\/uploads\/2024\/08\/WhatsApp-Image-2024-08-30-at-14.00.40-400x400.jpeg\" data-srcset=\"https:\/\/e-sakatekstil.com\/wp-content\/uploads\/2024\/08\/WhatsApp-Image-2024-08-30-at-14.00.40-400x400.jpeg 400w, https:\/\/e-sakatekstil.com\/wp-content\/uploads\/2024\/08\/WhatsApp-Image-2024-08-30-at-14.00.40-600x600.jpeg 600w, https:\/\/e-sakatekstil.com\/wp-content\/uploads\/2024\/08\/WhatsApp-Image-2024-08-30-at-14.00.40-800x800.jpeg 800w, https:\/\/e-sakatekstil.com\/wp-content\/uploads\/2024\/08\/WhatsApp-Image-2024-08-30-at-14.00.40-200x200.jpeg 200w, https:\/\/e-sakatekstil.com\/wp-content\/uploads\/2024\/08\/WhatsApp-Image-2024-08-30-at-14.00.40-13x12.jpeg 13w\" data-sizes=\"(max-width: 400px) 100vw, 400px\" \/><\/div>\n\t\t\t\t\t<div class=\"wc-block-grid__product-title\">30\/1 Jersey Lycra 220 gr<\/div>\n\t\t\t\t<\/a>\n\t\t\t\t<div class=\"wc-block-grid__product-price price\"><\/div>\n\t\t\t\t\n\t\t\t\t<div class=\"wp-block-button wc-block-grid__product-add-to-cart\"><a href=\"https:\/\/e-sakatekstil.com\/fr\/e-catalogue\/anneau-de-carde\/suprem-brode\/peinture-plate-suprem-brother\/lycrali-flat-paint-suprem-brother\/30-1-full-lycra-suprem-220-gr-3\/\" aria-label=\"En savoir plus sur \u201c30\/1 Full Lycra S\u00fcprem 220 gr\u201d\" data-quantity=\"1\" data-product_id=\"5784\" data-product_sku=\"\" data-price=\"0\" rel=\"nofollow\" class=\"wp-block-button__link  add_to_cart_button\" data-no-translation=\"\" data-trp-gettext=\"\" data-no-translation-aria-label=\"\">Lire la suite<\/a><\/div>\n\t\t\t<\/li><li class=\"wc-block-grid__product\">\n\t\t\t\t<a href=\"https:\/\/e-sakatekstil.com\/fr\/e-catalogue\/extremite-ouverte\/extremite-ouverte-supreme\/extremite-ouverte-supreme-de-peinture-unie\/lycra-peinture-unie-extremite-ouverte-supreme\/30-1-lycra-integral-supreme-220-gr-4-2\/\" class=\"wc-block-grid__product-link\">\n\t\t\t\t\t\n\t\t\t\t\t<div class=\"wc-block-grid__product-image\"><img decoding=\"async\" width=\"400\" height=\"400\" src=\"https:\/\/e-sakatekstil.com\/wp-content\/themes\/moren\/assets\/images\/blank.gif\" class=\"attachment-woocommerce_thumbnail size-woocommerce_thumbnail la-lazyload-image\" alt=\"Tissu Jersey simple Lycra 30\/1 220 g\" srcset=\"https:\/\/e-sakatekstil.com\/wp-content\/themes\/moren\/assets\/images\/blank.gif\" data-src=\"https:\/\/e-sakatekstil.com\/wp-content\/uploads\/2024\/08\/WhatsApp-Image-2024-08-30-at-14.00.40-400x400.jpeg\" data-srcset=\"https:\/\/e-sakatekstil.com\/wp-content\/uploads\/2024\/08\/WhatsApp-Image-2024-08-30-at-14.00.40-400x400.jpeg 400w, https:\/\/e-sakatekstil.com\/wp-content\/uploads\/2024\/08\/WhatsApp-Image-2024-08-30-at-14.00.40-600x600.jpeg 600w, https:\/\/e-sakatekstil.com\/wp-content\/uploads\/2024\/08\/WhatsApp-Image-2024-08-30-at-14.00.40-800x800.jpeg 800w, https:\/\/e-sakatekstil.com\/wp-content\/uploads\/2024\/08\/WhatsApp-Image-2024-08-30-at-14.00.40-200x200.jpeg 200w, https:\/\/e-sakatekstil.com\/wp-content\/uploads\/2024\/08\/WhatsApp-Image-2024-08-30-at-14.00.40-13x12.jpeg 13w\" data-sizes=\"(max-width: 400px) 100vw, 400px\" \/><\/div>\n\t\t\t\t\t<div class=\"wc-block-grid__product-title\">30\/1 Jersey Lycra 220 gr<\/div>\n\t\t\t\t<\/a>\n\t\t\t\t<div class=\"wc-block-grid__product-price price\"><\/div>\n\t\t\t\t\n\t\t\t\t<div class=\"wp-block-button wc-block-grid__product-add-to-cart\"><a href=\"https:\/\/e-sakatekstil.com\/fr\/e-catalogue\/extremite-ouverte\/extremite-ouverte-supreme\/extremite-ouverte-supreme-de-peinture-unie\/lycra-peinture-unie-extremite-ouverte-supreme\/30-1-lycra-integral-supreme-220-gr-4-2\/\" aria-label=\"En savoir plus sur \u201c30\/1 Full Lycra S\u00fcprem 220 gr\u201d\" data-quantity=\"1\" data-product_id=\"5783\" data-product_sku=\"\" data-price=\"0\" rel=\"nofollow\" class=\"wp-block-button__link  add_to_cart_button\" data-no-translation=\"\" data-trp-gettext=\"\" data-no-translation-aria-label=\"\">Lire la suite<\/a><\/div>\n\t\t\t<\/li><li class=\"wc-block-grid__product\">\n\t\t\t\t<a href=\"https:\/\/e-sakatekstil.com\/fr\/e-catalogue\/coton-peigne\/coton-peigne-suprem\/coton-peigne-suprem-teint-a-plat\/lycra-straight-dye-suprem-combed-cotton\/30-1-lycra-integral-supreme-220-gr-5\/\" class=\"wc-block-grid__product-link\">\n\t\t\t\t\t\n\t\t\t\t\t<div class=\"wc-block-grid__product-image\"><img decoding=\"async\" width=\"400\" height=\"400\" src=\"https:\/\/e-sakatekstil.com\/wp-content\/themes\/moren\/assets\/images\/blank.gif\" class=\"attachment-woocommerce_thumbnail size-woocommerce_thumbnail la-lazyload-image\" alt=\"Tissu Jersey simple Lycra 30\/1 220 g\" srcset=\"https:\/\/e-sakatekstil.com\/wp-content\/themes\/moren\/assets\/images\/blank.gif\" data-src=\"https:\/\/e-sakatekstil.com\/wp-content\/uploads\/2024\/08\/WhatsApp-Image-2024-08-30-at-14.00.40-400x400.jpeg\" data-srcset=\"https:\/\/e-sakatekstil.com\/wp-content\/uploads\/2024\/08\/WhatsApp-Image-2024-08-30-at-14.00.40-400x400.jpeg 400w, https:\/\/e-sakatekstil.com\/wp-content\/uploads\/2024\/08\/WhatsApp-Image-2024-08-30-at-14.00.40-600x600.jpeg 600w, https:\/\/e-sakatekstil.com\/wp-content\/uploads\/2024\/08\/WhatsApp-Image-2024-08-30-at-14.00.40-800x800.jpeg 800w, https:\/\/e-sakatekstil.com\/wp-content\/uploads\/2024\/08\/WhatsApp-Image-2024-08-30-at-14.00.40-200x200.jpeg 200w, https:\/\/e-sakatekstil.com\/wp-content\/uploads\/2024\/08\/WhatsApp-Image-2024-08-30-at-14.00.40-13x12.jpeg 13w\" data-sizes=\"(max-width: 400px) 100vw, 400px\" \/><\/div>\n\t\t\t\t\t<div class=\"wc-block-grid__product-title\">30\/1 Jersey Lycra 220 gr<\/div>\n\t\t\t\t<\/a>\n\t\t\t\t<div class=\"wc-block-grid__product-price price\"><\/div>\n\t\t\t\t\n\t\t\t\t<div class=\"wp-block-button wc-block-grid__product-add-to-cart\"><a href=\"https:\/\/e-sakatekstil.com\/fr\/e-catalogue\/coton-peigne\/coton-peigne-suprem\/coton-peigne-suprem-teint-a-plat\/lycra-straight-dye-suprem-combed-cotton\/30-1-lycra-integral-supreme-220-gr-5\/\" aria-label=\"En savoir plus sur \u201c30\/1 Full Lycra S\u00fcprem 220 gr\u201d\" data-quantity=\"1\" data-product_id=\"5782\" data-product_sku=\"\" data-price=\"0\" rel=\"nofollow\" class=\"wp-block-button__link  add_to_cart_button\" data-no-translation=\"\" data-trp-gettext=\"\" data-no-translation-aria-label=\"\">Lire la suite<\/a><\/div>\n\t\t\t<\/li><\/ul><\/div><\/div>\n<\/div>","protected":false},"excerpt":{"rendered":"","protected":false},"author":1,"featured_media":0,"parent":0,"menu_order":0,"comment_status":"closed","ping_status":"closed","template":"","meta":{"footnotes":""},"class_list":["post-8","page","type-page","status-publish","hentry"],"aioseo_notices":[],"_links":{"self":[{"href":"https:\/\/e-sakatekstil.com\/fr\/wp-json\/wp\/v2\/pages\/8","targetHints":{"allow":["GET"]}}],"collection":[{"href":"https:\/\/e-sakatekstil.com\/fr\/wp-json\/wp\/v2\/pages"}],"about":[{"href":"https:\/\/e-sakatekstil.com\/fr\/wp-json\/wp\/v2\/types\/page"}],"author":[{"embeddable":true,"href":"https:\/\/e-sakatekstil.com\/fr\/wp-json\/wp\/v2\/users\/1"}],"replies":[{"embeddable":true,"href":"https:\/\/e-sakatekstil.com\/fr\/wp-json\/wp\/v2\/comments?post=8"}],"version-history":[{"count":0,"href":"https:\/\/e-sakatekstil.com\/fr\/wp-json\/wp\/v2\/pages\/8\/revisions"}],"wp:attachment":[{"href":"https:\/\/e-sakatekstil.com\/fr\/wp-json\/wp\/v2\/media?parent=8"}],"curies":[{"name":"wp","href":"https:\/\/api.w.org\/{rel}","templated":true}]}}