{"id":1193,"date":"2020-12-29T08:22:04","date_gmt":"2020-12-29T08:22:04","guid":{"rendered":"https:\/\/moren.la-studioweb.com\/?page_id=1193"},"modified":"2024-06-11T10:36:04","modified_gmt":"2024-06-11T07:36:04","slug":"a-propos-de-nous","status":"publish","type":"page","link":"https:\/\/e-sakatekstil.com\/fr\/a-propos-de-nous\/","title":{"rendered":"\u00c0 propos de nous"},"content":{"rendered":"<div data-elementor-type=\"wp-page\" data-elementor-id=\"1193\" class=\"elementor elementor-1193\">\n\t\t\t\t\t\t<div class=\"elementor-section elementor-top-section elementor-element elementor-element-a1c4485 elementor-section-content-middle elementor-section-boxed elementor-section-height-default elementor-section-height-default\" data-id=\"a1c4485\" data-element_type=\"section\" data-e-type=\"section\">\n\t\t\t\t\t\t<div class=\"elementor-container elementor-column-gap-no\">\n\t\t\t\t\t<div class=\"elementor-column elementor-col-50 elementor-top-column elementor-element elementor-element-a086460\" data-id=\"a086460\" data-element_type=\"column\" data-e-type=\"column\">\n\t\t\t<div class=\"elementor-widget-wrap elementor-element-populated\">\n\t\t\t\t\t\t<div class=\"elementor-element elementor-element-934ceba la-popup elementor-widget__width-initial elementor-view-default elementor-widget elementor-widget-icon\" data-id=\"934ceba\" data-element_type=\"widget\" data-e-type=\"widget\" data-widget_type=\"icon.default\">\n\t\t\t\t<div class=\"elementor-widget-container\">\n\t\t\t\t\t\t\t<div class=\"elementor-icon-wrapper\">\n\t\t\t<a class=\"elementor-icon elementor-animation-bob\" href=\"https:\/\/www.youtube.com\/watch?v=o2zhfS9kmTs\">\n\t\t\t<svg xmlns=\"http:\/\/www.w3.org\/2000\/svg\" width=\"110\" height=\"110\" fill=\"none\" viewbox=\"0 0 110 110\"><circle cx=\"55\" cy=\"55\" r=\"54\" stroke=\"currentColor\" stroke-width=\"2\" fill=\"none\"><\/circle><path stroke=\"currentColor\" stroke-width=\"2\" d=\"M43.5 35.081L78 55 43.5 74.919V35.08z\" fill=\"none\"><\/path><\/svg>\t\t\t<\/a>\n\t\t<\/div>\n\t\t\t\t\t\t<\/div>\n\t\t\t\t<\/div>\n\t\t\t\t\t<\/div>\n\t\t<\/div>\n\t\t\t\t<div class=\"elementor-column elementor-col-50 elementor-top-column elementor-element elementor-element-eaaa01d\" data-id=\"eaaa01d\" data-element_type=\"column\" data-e-type=\"column\">\n\t\t\t<div class=\"elementor-widget-wrap elementor-element-populated\">\n\t\t\t\t\t\t<div class=\"elementor-element elementor-element-8233cb7 elementor-widget elementor-widget-heading\" data-id=\"8233cb7\" data-element_type=\"widget\" data-e-type=\"widget\" data-widget_type=\"heading.default\">\n\t\t\t\t<div class=\"elementor-widget-container\">\n\t\t\t\t\t<h2 class=\"elementor-heading-title elementor-size-default\">\u00c0 propos de nous<\/h2>\t\t\t\t<\/div>\n\t\t\t\t<\/div>\n\t\t\t\t<div class=\"elementor-element elementor-element-7baa2be elementor-widget elementor-widget-text-editor\" data-id=\"7baa2be\" data-element_type=\"widget\" data-e-type=\"widget\" data-widget_type=\"text-editor.default\">\n\t\t\t\t<div class=\"elementor-widget-container\">\n\t\t\t\t\t\t\t\t\t<div class=\"text\">\n<p>SAKA HOLDING a \u00e9t\u00e9 cr\u00e9\u00e9e en 2010 en tant que soci\u00e9t\u00e9 LTD. Equipant son entreprise des derni\u00e8res technologies, SAKA HOLDING PR\u00c9SIDENT DU CONSEIL D&#039;ADMINISTRATION, MR. RAMAZAN SAKA a atteint la capacit\u00e9 de production int\u00e9gr\u00e9e de la fibre au tissu et a mis en service respectivement ses installations de tricot, de teinture de tissus, de finition et d&#039;impression.<\/p>\n<p>Dans le cadre de ce processus, elle se d\u00e9veloppe en renfor\u00e7ant jour apr\u00e8s jour son r\u00e9seau de vente et sa position de leader sur les march\u00e9s nationaux et \u00e9trangers. Gr\u00e2ce \u00e0 sa d\u00e9termination et son d\u00e9vouement dans l&#039;usine qu&#039;il a cr\u00e9\u00e9e en tr\u00e8s peu de temps ; Ils ont r\u00e9ussi \u00e0 porter leur r\u00e9ussite au plus haut niveau ensemble, notamment avec le pr\u00e9sident du conseil d&#039;administration et leurs co\u00e9quipiers.<\/p>\n<p>Elle contribue \u00e0 l&#039;\u00e9conomie du pays en r\u00e9alisant toutes sortes de proc\u00e9d\u00e9s de tricotage, de teinture et d&#039;impression avec sa capacit\u00e9 de production mensuelle de 1 800 tonnes. Au fil du temps, elle a \u00e9largi la gamme de produits ajout\u00e9s \u00e0 sa cha\u00eene de production.<\/p>\n<\/div>\t\t\t\t\t\t\t\t<\/div>\n\t\t\t\t<\/div>\n\t\t\t\t\t<\/div>\n\t\t<\/div>\n\t\t\t\t\t<\/div>\n\t\t<\/div>\n\t\t\t\t<\/div>","protected":false},"excerpt":{"rendered":"","protected":false},"author":1,"featured_media":0,"parent":0,"menu_order":0,"comment_status":"closed","ping_status":"closed","template":"","meta":{"footnotes":""},"class_list":["post-1193","page","type-page","status-publish","hentry"],"aioseo_notices":[],"_links":{"self":[{"href":"https:\/\/e-sakatekstil.com\/fr\/wp-json\/wp\/v2\/pages\/1193","targetHints":{"allow":["GET"]}}],"collection":[{"href":"https:\/\/e-sakatekstil.com\/fr\/wp-json\/wp\/v2\/pages"}],"about":[{"href":"https:\/\/e-sakatekstil.com\/fr\/wp-json\/wp\/v2\/types\/page"}],"author":[{"embeddable":true,"href":"https:\/\/e-sakatekstil.com\/fr\/wp-json\/wp\/v2\/users\/1"}],"replies":[{"embeddable":true,"href":"https:\/\/e-sakatekstil.com\/fr\/wp-json\/wp\/v2\/comments?post=1193"}],"version-history":[{"count":6,"href":"https:\/\/e-sakatekstil.com\/fr\/wp-json\/wp\/v2\/pages\/1193\/revisions"}],"predecessor-version":[{"id":3189,"href":"https:\/\/e-sakatekstil.com\/fr\/wp-json\/wp\/v2\/pages\/1193\/revisions\/3189"}],"wp:attachment":[{"href":"https:\/\/e-sakatekstil.com\/fr\/wp-json\/wp\/v2\/media?parent=1193"}],"curies":[{"name":"wp","href":"https:\/\/api.w.org\/{rel}","templated":true}]}}